{"id":13288,"date":"2023-12-11T16:46:31","date_gmt":"2023-12-11T16:46:31","guid":{"rendered":"https:\/\/nundinae-group.com\/oddelki\/oddelek-za-zdravstvo\/"},"modified":"2023-12-18T11:15:11","modified_gmt":"2023-12-18T11:15:11","slug":"oddelek-za-zdravstvo","status":"publish","type":"page","link":"https:\/\/nundinae-group.com\/sl\/oddelki\/oddelek-za-zdravstvo\/","title":{"rendered":"Oddelek za zdravstvo"},"content":{"rendered":"\t\t<div data-elementor-type=\"wp-page\" data-elementor-id=\"13288\" class=\"elementor elementor-13288 elementor-13119\">\n\t\t\t\t\t\t<section class=\"elementor-section elementor-top-section elementor-element elementor-element-152c885 elementor-section-boxed elementor-section-height-default elementor-section-height-default\" data-id=\"152c885\" data-element_type=\"section\" data-settings=\"{&quot;jet_parallax_layout_list&quot;:[]}\">\n\t\t\t\t\t\t<div class=\"elementor-container elementor-column-gap-default\">\n\t\t\t\t\t<div class=\"elementor-column elementor-col-100 elementor-top-column elementor-element elementor-element-f0a1e12\" data-id=\"f0a1e12\" data-element_type=\"column\">\n\t\t\t<div class=\"elementor-widget-wrap elementor-element-populated\">\n\t\t\t\t\t\t<div class=\"elementor-element elementor-element-10d0d9e elementor-widget elementor-widget-heading\" data-id=\"10d0d9e\" data-element_type=\"widget\" data-widget_type=\"heading.default\">\n\t\t\t\t<div class=\"elementor-widget-container\">\n\t\t\t<h2 class=\"elementor-heading-title elementor-size-default\">Latex Rokavice<\/h2>\t\t<\/div>\n\t\t\t\t<\/div>\n\t\t\t\t<div class=\"elementor-element elementor-element-2e88579 elementor-widget elementor-widget-text-editor\" data-id=\"2e88579\" data-element_type=\"widget\" data-widget_type=\"text-editor.default\">\n\t\t\t\t<div class=\"elementor-widget-container\">\n\t\t\t\t\t\t\t<p>Nundinae Group stoji v ospredju pri zagotavljanju visokokakovostnih latex rokavic, ki ponuja razli\u010dne mo\u017enosti, prilagojene potrebam razli\u010dnih industrij. Na\u0161a zavezanost kakovosti zagotavlja, da je vsak par latex rokavic, ki ga dobavljamo, zasnovan za maksimalno zmogljivost in varnost.<\/p>\n\t\t\t\t\t\t<\/div>\n\t\t\t\t<\/div>\n\t\t\t\t<div class=\"elementor-element elementor-element-7a06d28 elementor-align-center elementor-widget elementor-widget-button\" data-id=\"7a06d28\" data-element_type=\"widget\" data-widget_type=\"button.default\">\n\t\t\t\t<div class=\"elementor-widget-container\">\n\t\t\t\t\t<div class=\"elementor-button-wrapper\">\n\t\t\t<a class=\"elementor-button elementor-button-link elementor-size-lg elementor-animation-bounce-out\" href=\"https:\/\/nundinae-group.com\/sl\/oddelki\/oddelek-za-zdravstvo\/latex-rokavice\/\">\n\t\t\t\t\t\t<span class=\"elementor-button-content-wrapper\">\n\t\t\t\t\t\t<span class=\"elementor-button-icon\">\n\t\t\t\t<i aria-hidden=\"true\" class=\"fab fa-readme\"><\/i>\t\t\t<\/span>\n\t\t\t\t\t\t\t\t\t<span class=\"elementor-button-text\">Izvedite ve\u010d o Latex Rokavicah<\/span>\n\t\t\t\t\t<\/span>\n\t\t\t\t\t<\/a>\n\t\t<\/div>\n\t\t\t\t<\/div>\n\t\t\t\t<\/div>\n\t\t\t\t<div class=\"elementor-element elementor-element-16273a8 elementor-widget elementor-widget-spacer\" data-id=\"16273a8\" data-element_type=\"widget\" data-widget_type=\"spacer.default\">\n\t\t\t\t<div class=\"elementor-widget-container\">\n\t\t\t\t\t<div class=\"elementor-spacer\">\n\t\t\t<div class=\"elementor-spacer-inner\"><\/div>\n\t\t<\/div>\n\t\t\t\t<\/div>\n\t\t\t\t<\/div>\n\t\t\t\t\t<\/div>\n\t\t<\/div>\n\t\t\t\t\t<\/div>\n\t\t<\/section>\n\t\t\t\t<section class=\"elementor-section elementor-top-section elementor-element elementor-element-dac5988 elementor-section-boxed elementor-section-height-default elementor-section-height-default\" data-id=\"dac5988\" data-element_type=\"section\" data-settings=\"{&quot;jet_parallax_layout_list&quot;:[]}\">\n\t\t\t\t\t\t<div class=\"elementor-container elementor-column-gap-default\">\n\t\t\t\t\t<div class=\"elementor-column elementor-col-100 elementor-top-column elementor-element elementor-element-2a77977\" data-id=\"2a77977\" data-element_type=\"column\">\n\t\t\t<div class=\"elementor-widget-wrap elementor-element-populated\">\n\t\t\t\t\t\t<div class=\"elementor-element elementor-element-19a957d elementor-widget elementor-widget-heading\" data-id=\"19a957d\" data-element_type=\"widget\" data-widget_type=\"heading.default\">\n\t\t\t\t<div class=\"elementor-widget-container\">\n\t\t\t<h2 class=\"elementor-heading-title elementor-size-default\">Nitrilne Rokavice<\/h2>\t\t<\/div>\n\t\t\t\t<\/div>\n\t\t\t\t<div class=\"elementor-element elementor-element-446468e elementor-widget elementor-widget-text-editor\" data-id=\"446468e\" data-element_type=\"widget\" data-widget_type=\"text-editor.default\">\n\t\t\t\t<div class=\"elementor-widget-container\">\n\t\t\t\t\t\t\t<p>Nitrilne rokavice so postale vse bolj priljubljene v razli\u010dnih industrijah zaradi svoje trpe\u017enosti in za\u0161\u010ditnih lastnosti. Idealne za vrsto aplikacij, te rokavice nudijo odli\u010dno ravnovesje med mo\u010djo in ob\u010dutljivostjo.<\/p>\n\t\t\t\t\t\t<\/div>\n\t\t\t\t<\/div>\n\t\t\t\t<div class=\"elementor-element elementor-element-86f7ffb elementor-align-center elementor-widget elementor-widget-button\" data-id=\"86f7ffb\" data-element_type=\"widget\" data-widget_type=\"button.default\">\n\t\t\t\t<div class=\"elementor-widget-container\">\n\t\t\t\t\t<div class=\"elementor-button-wrapper\">\n\t\t\t<a class=\"elementor-button elementor-button-link elementor-size-lg elementor-animation-bounce-out\" href=\"https:\/\/nundinae-group.com\/sl\/oddelki\/oddelek-za-zdravstvo\/nitrilne-rokavice\/\">\n\t\t\t\t\t\t<span class=\"elementor-button-content-wrapper\">\n\t\t\t\t\t\t<span class=\"elementor-button-icon\">\n\t\t\t\t<i aria-hidden=\"true\" class=\"fab fa-readme\"><\/i>\t\t\t<\/span>\n\t\t\t\t\t\t\t\t\t<span class=\"elementor-button-text\">Izvedite ve\u010d o Nitrilnih Rokavicah<\/span>\n\t\t\t\t\t<\/span>\n\t\t\t\t\t<\/a>\n\t\t<\/div>\n\t\t\t\t<\/div>\n\t\t\t\t<\/div>\n\t\t\t\t<div class=\"elementor-element elementor-element-e6785a4 elementor-widget elementor-widget-spacer\" data-id=\"e6785a4\" data-element_type=\"widget\" data-widget_type=\"spacer.default\">\n\t\t\t\t<div class=\"elementor-widget-container\">\n\t\t\t\t\t<div class=\"elementor-spacer\">\n\t\t\t<div class=\"elementor-spacer-inner\"><\/div>\n\t\t<\/div>\n\t\t\t\t<\/div>\n\t\t\t\t<\/div>\n\t\t\t\t\t<\/div>\n\t\t<\/div>\n\t\t\t\t\t<\/div>\n\t\t<\/section>\n\t\t\t\t<section class=\"elementor-section elementor-top-section elementor-element elementor-element-5da61bc elementor-section-boxed elementor-section-height-default elementor-section-height-default\" data-id=\"5da61bc\" data-element_type=\"section\" data-settings=\"{&quot;jet_parallax_layout_list&quot;:[]}\">\n\t\t\t\t\t\t<div class=\"elementor-container elementor-column-gap-default\">\n\t\t\t\t\t<div class=\"elementor-column elementor-col-100 elementor-top-column elementor-element elementor-element-a3bf0cf\" data-id=\"a3bf0cf\" data-element_type=\"column\">\n\t\t\t<div class=\"elementor-widget-wrap elementor-element-populated\">\n\t\t\t\t\t\t<div class=\"elementor-element elementor-element-0c04cfe elementor-widget elementor-widget-heading\" data-id=\"0c04cfe\" data-element_type=\"widget\" data-widget_type=\"heading.default\">\n\t\t\t\t<div class=\"elementor-widget-container\">\n\t\t\t<h2 class=\"elementor-heading-title elementor-size-default\">Vinilne Rokavice<\/h2>\t\t<\/div>\n\t\t\t\t<\/div>\n\t\t\t\t<div class=\"elementor-element elementor-element-b69d0c3 elementor-widget elementor-widget-text-editor\" data-id=\"b69d0c3\" data-element_type=\"widget\" data-widget_type=\"text-editor.default\">\n\t\t\t\t<div class=\"elementor-widget-container\">\n\t\t\t\t\t\t\t<p>Vinilne rokavice so priljubljena izbira v razli\u010dnih industrijah, znane po svoji cenovni u\u010dinkovitosti in varni uporabi. \u0160e posebej so uporabne v situacijah, kjer je pogosto treba menjati rokavice.<\/p>\n\t\t\t\t\t\t<\/div>\n\t\t\t\t<\/div>\n\t\t\t\t<div class=\"elementor-element elementor-element-c29d424 elementor-align-center elementor-widget elementor-widget-button\" data-id=\"c29d424\" data-element_type=\"widget\" data-widget_type=\"button.default\">\n\t\t\t\t<div class=\"elementor-widget-container\">\n\t\t\t\t\t<div class=\"elementor-button-wrapper\">\n\t\t\t<a class=\"elementor-button elementor-button-link elementor-size-lg elementor-animation-bounce-out\" href=\"https:\/\/nundinae-group.com\/sl\/oddelki\/oddelek-za-zdravstvo\/vinilne-rokavice\/\">\n\t\t\t\t\t\t<span class=\"elementor-button-content-wrapper\">\n\t\t\t\t\t\t<span class=\"elementor-button-icon\">\n\t\t\t\t<i aria-hidden=\"true\" class=\"fab fa-readme\"><\/i>\t\t\t<\/span>\n\t\t\t\t\t\t\t\t\t<span class=\"elementor-button-text\">Izvedite ve\u010d o Vinilnih Rokavicah<\/span>\n\t\t\t\t\t<\/span>\n\t\t\t\t\t<\/a>\n\t\t<\/div>\n\t\t\t\t<\/div>\n\t\t\t\t<\/div>\n\t\t\t\t<div class=\"elementor-element elementor-element-9436db7 elementor-widget elementor-widget-spacer\" data-id=\"9436db7\" data-element_type=\"widget\" data-widget_type=\"spacer.default\">\n\t\t\t\t<div class=\"elementor-widget-container\">\n\t\t\t\t\t<div class=\"elementor-spacer\">\n\t\t\t<div class=\"elementor-spacer-inner\"><\/div>\n\t\t<\/div>\n\t\t\t\t<\/div>\n\t\t\t\t<\/div>\n\t\t\t\t\t<\/div>\n\t\t<\/div>\n\t\t\t\t\t<\/div>\n\t\t<\/section>\n\t\t\t\t<section class=\"elementor-section elementor-top-section elementor-element elementor-element-3c94aff elementor-section-boxed elementor-section-height-default elementor-section-height-default\" data-id=\"3c94aff\" data-element_type=\"section\" data-settings=\"{&quot;jet_parallax_layout_list&quot;:[]}\">\n\t\t\t\t\t\t<div class=\"elementor-container elementor-column-gap-default\">\n\t\t\t\t\t<div class=\"elementor-column elementor-col-100 elementor-top-column elementor-element elementor-element-5a7592b\" data-id=\"5a7592b\" data-element_type=\"column\">\n\t\t\t<div class=\"elementor-widget-wrap elementor-element-populated\">\n\t\t\t\t\t\t<div class=\"elementor-element elementor-element-d5b3776 elementor-widget elementor-widget-heading\" data-id=\"d5b3776\" data-element_type=\"widget\" data-widget_type=\"heading.default\">\n\t\t\t\t<div class=\"elementor-widget-container\">\n\t\t\t<h2 class=\"elementor-heading-title elementor-size-default\">3-Slojne Kirur\u0161ke Maske<\/h2>\t\t<\/div>\n\t\t\t\t<\/div>\n\t\t\t\t<div class=\"elementor-element elementor-element-25f6415 elementor-widget elementor-widget-text-editor\" data-id=\"25f6415\" data-element_type=\"widget\" data-widget_type=\"text-editor.default\">\n\t\t\t\t<div class=\"elementor-widget-container\">\n\t\t\t\t\t\t\t<p>3-slojne kirur\u0161ke maske so bistvene v razli\u010dnih zdravstvenih okoljih, saj nudijo me\u0161anico varnosti, udobja in zra\u010dnosti. Nundinae Group zagotavlja visokokakovostne 3-slojne kirur\u0161ke maske, zasnovane tako, da ustrezajo strogim zdravstvenim standardom.<\/p>\n\t\t\t\t\t\t<\/div>\n\t\t\t\t<\/div>\n\t\t\t\t<div class=\"elementor-element elementor-element-c1ac1a6 elementor-align-center elementor-widget elementor-widget-button\" data-id=\"c1ac1a6\" data-element_type=\"widget\" data-widget_type=\"button.default\">\n\t\t\t\t<div class=\"elementor-widget-container\">\n\t\t\t\t\t<div class=\"elementor-button-wrapper\">\n\t\t\t<a class=\"elementor-button elementor-button-link elementor-size-lg elementor-animation-bounce-out\" href=\"https:\/\/nundinae-group.com\/sl\/oddelki\/oddelek-za-zdravstvo\/3-slojne-kirurske-maske\/\">\n\t\t\t\t\t\t<span class=\"elementor-button-content-wrapper\">\n\t\t\t\t\t\t<span class=\"elementor-button-icon\">\n\t\t\t\t<i aria-hidden=\"true\" class=\"fab fa-readme\"><\/i>\t\t\t<\/span>\n\t\t\t\t\t\t\t\t\t<span class=\"elementor-button-text\">Izvedite ve\u010d o 3-Slojnih Kirur\u0161kih Maskah<\/span>\n\t\t\t\t\t<\/span>\n\t\t\t\t\t<\/a>\n\t\t<\/div>\n\t\t\t\t<\/div>\n\t\t\t\t<\/div>\n\t\t\t\t<div class=\"elementor-element elementor-element-1d4a97f elementor-widget elementor-widget-spacer\" data-id=\"1d4a97f\" data-element_type=\"widget\" data-widget_type=\"spacer.default\">\n\t\t\t\t<div class=\"elementor-widget-container\">\n\t\t\t\t\t<div class=\"elementor-spacer\">\n\t\t\t<div class=\"elementor-spacer-inner\"><\/div>\n\t\t<\/div>\n\t\t\t\t<\/div>\n\t\t\t\t<\/div>\n\t\t\t\t\t<\/div>\n\t\t<\/div>\n\t\t\t\t\t<\/div>\n\t\t<\/section>\n\t\t\t\t<section class=\"elementor-section elementor-top-section elementor-element elementor-element-c6186c3 elementor-section-boxed elementor-section-height-default elementor-section-height-default\" data-id=\"c6186c3\" data-element_type=\"section\" data-settings=\"{&quot;jet_parallax_layout_list&quot;:[]}\">\n\t\t\t\t\t\t<div class=\"elementor-container elementor-column-gap-default\">\n\t\t\t\t\t<div class=\"elementor-column elementor-col-100 elementor-top-column elementor-element elementor-element-350b5b2\" data-id=\"350b5b2\" data-element_type=\"column\">\n\t\t\t<div class=\"elementor-widget-wrap elementor-element-populated\">\n\t\t\t\t\t\t<div class=\"elementor-element elementor-element-b61d448 elementor-widget elementor-widget-heading\" data-id=\"b61d448\" data-element_type=\"widget\" data-widget_type=\"heading.default\">\n\t\t\t\t<div class=\"elementor-widget-container\">\n\t\t\t<h2 class=\"elementor-heading-title elementor-size-default\">Maske FFP2<\/h2>\t\t<\/div>\n\t\t\t\t<\/div>\n\t\t\t\t<div class=\"elementor-element elementor-element-4279ff8 elementor-widget elementor-widget-text-editor\" data-id=\"4279ff8\" data-element_type=\"widget\" data-widget_type=\"text-editor.default\">\n\t\t\t\t<div class=\"elementor-widget-container\">\n\t\t\t\t\t\t\t<p>Maske FFP2 so klju\u010dna komponenta osebne za\u0161\u010ditne opreme, ki nudijo vi\u0161jo stopnjo za\u0161\u010dite kot standardne maske. Skupina Nundinae je posve\u010dena zagotavljanju visokokakovostnih mask FFP2, primerne za razli\u010dne uporabe.<\/p>\n\t\t\t\t\t\t<\/div>\n\t\t\t\t<\/div>\n\t\t\t\t<div class=\"elementor-element elementor-element-11c05fc elementor-align-center elementor-widget elementor-widget-button\" data-id=\"11c05fc\" data-element_type=\"widget\" data-widget_type=\"button.default\">\n\t\t\t\t<div class=\"elementor-widget-container\">\n\t\t\t\t\t<div class=\"elementor-button-wrapper\">\n\t\t\t<a class=\"elementor-button elementor-button-link elementor-size-lg elementor-animation-bounce-out\" href=\"https:\/\/nundinae-group.com\/sl\/oddelki\/oddelek-za-zdravstvo\/maske-ffp2\/\">\n\t\t\t\t\t\t<span class=\"elementor-button-content-wrapper\">\n\t\t\t\t\t\t<span class=\"elementor-button-icon\">\n\t\t\t\t<i aria-hidden=\"true\" class=\"fab fa-readme\"><\/i>\t\t\t<\/span>\n\t\t\t\t\t\t\t\t\t<span class=\"elementor-button-text\">Izvedite ve\u010d o Maskah FFP2<\/span>\n\t\t\t\t\t<\/span>\n\t\t\t\t\t<\/a>\n\t\t<\/div>\n\t\t\t\t<\/div>\n\t\t\t\t<\/div>\n\t\t\t\t<div class=\"elementor-element elementor-element-f409194 elementor-widget elementor-widget-spacer\" data-id=\"f409194\" data-element_type=\"widget\" data-widget_type=\"spacer.default\">\n\t\t\t\t<div class=\"elementor-widget-container\">\n\t\t\t\t\t<div class=\"elementor-spacer\">\n\t\t\t<div class=\"elementor-spacer-inner\"><\/div>\n\t\t<\/div>\n\t\t\t\t<\/div>\n\t\t\t\t<\/div>\n\t\t\t\t\t<\/div>\n\t\t<\/div>\n\t\t\t\t\t<\/div>\n\t\t<\/section>\n\t\t\t\t<section class=\"elementor-section elementor-top-section elementor-element elementor-element-ddb5c95 elementor-section-boxed elementor-section-height-default elementor-section-height-default\" data-id=\"ddb5c95\" data-element_type=\"section\" data-settings=\"{&quot;jet_parallax_layout_list&quot;:[]}\">\n\t\t\t\t\t\t<div class=\"elementor-container elementor-column-gap-default\">\n\t\t\t\t\t<div class=\"elementor-column elementor-col-100 elementor-top-column elementor-element elementor-element-61e2367\" data-id=\"61e2367\" data-element_type=\"column\">\n\t\t\t<div class=\"elementor-widget-wrap elementor-element-populated\">\n\t\t\t\t\t\t<div class=\"elementor-element elementor-element-176e0d5 elementor-widget elementor-widget-heading\" data-id=\"176e0d5\" data-element_type=\"widget\" data-widget_type=\"heading.default\">\n\t\t\t\t<div class=\"elementor-widget-container\">\n\t\t\t<h2 class=\"elementor-heading-title elementor-size-default\">Medicinska Pregrinjala<\/h2>\t\t<\/div>\n\t\t\t\t<\/div>\n\t\t\t\t<div class=\"elementor-element elementor-element-73d8400 elementor-widget elementor-widget-text-editor\" data-id=\"73d8400\" data-element_type=\"widget\" data-widget_type=\"text-editor.default\">\n\t\t\t\t<div class=\"elementor-widget-container\">\n\t\t\t\t\t\t\t<p>Medicinska pregrinjala igrajo klju\u010dno vlogo pri ohranjanju sterilnosti in varnosti v zdravstvenih okoljih. Nundinae Group ponuja vrsto visokokakovostnih medicinskih pregrinjal, zasnovanih za izpolnjevanje raznolikih potreb medicinskih strokovnjakov.<\/p>\n\t\t\t\t\t\t<\/div>\n\t\t\t\t<\/div>\n\t\t\t\t<div class=\"elementor-element elementor-element-9b259df elementor-align-center elementor-widget elementor-widget-button\" data-id=\"9b259df\" data-element_type=\"widget\" data-widget_type=\"button.default\">\n\t\t\t\t<div class=\"elementor-widget-container\">\n\t\t\t\t\t<div class=\"elementor-button-wrapper\">\n\t\t\t<a class=\"elementor-button elementor-button-link elementor-size-lg elementor-animation-bounce-out\" href=\"https:\/\/nundinae-group.com\/sl\/oddelki\/oddelek-za-zdravstvo\/medicinska-pregrinjala\/\">\n\t\t\t\t\t\t<span class=\"elementor-button-content-wrapper\">\n\t\t\t\t\t\t<span class=\"elementor-button-icon\">\n\t\t\t\t<i aria-hidden=\"true\" class=\"fab fa-readme\"><\/i>\t\t\t<\/span>\n\t\t\t\t\t\t\t\t\t<span class=\"elementor-button-text\">Izvedite ve\u010d o Medicinskih Pregrinjalih<\/span>\n\t\t\t\t\t<\/span>\n\t\t\t\t\t<\/a>\n\t\t<\/div>\n\t\t\t\t<\/div>\n\t\t\t\t<\/div>\n\t\t\t\t<div class=\"elementor-element elementor-element-140793f elementor-widget elementor-widget-spacer\" data-id=\"140793f\" data-element_type=\"widget\" data-widget_type=\"spacer.default\">\n\t\t\t\t<div class=\"elementor-widget-container\">\n\t\t\t\t\t<div class=\"elementor-spacer\">\n\t\t\t<div class=\"elementor-spacer-inner\"><\/div>\n\t\t<\/div>\n\t\t\t\t<\/div>\n\t\t\t\t<\/div>\n\t\t\t\t\t<\/div>\n\t\t<\/div>\n\t\t\t\t\t<\/div>\n\t\t<\/section>\n\t\t\t\t<section class=\"elementor-section elementor-top-section elementor-element elementor-element-3b45f5e elementor-section-boxed elementor-section-height-default elementor-section-height-default\" data-id=\"3b45f5e\" data-element_type=\"section\" data-settings=\"{&quot;jet_parallax_layout_list&quot;:[]}\">\n\t\t\t\t\t\t<div class=\"elementor-container elementor-column-gap-default\">\n\t\t\t\t\t<div class=\"elementor-column elementor-col-100 elementor-top-column elementor-element elementor-element-5a2e11a\" data-id=\"5a2e11a\" data-element_type=\"column\">\n\t\t\t<div class=\"elementor-widget-wrap elementor-element-populated\">\n\t\t\t\t\t\t<div class=\"elementor-element elementor-element-0c5d58d elementor-widget elementor-widget-heading\" data-id=\"0c5d58d\" data-element_type=\"widget\" data-widget_type=\"heading.default\">\n\t\t\t\t<div class=\"elementor-widget-container\">\n\t\t\t<h2 class=\"elementor-heading-title elementor-size-default\">Bomba\u017eni Izdelki<\/h2>\t\t<\/div>\n\t\t\t\t<\/div>\n\t\t\t\t<div class=\"elementor-element elementor-element-88e78fb elementor-widget elementor-widget-text-editor\" data-id=\"88e78fb\" data-element_type=\"widget\" data-widget_type=\"text-editor.default\">\n\t\t\t\t<div class=\"elementor-widget-container\">\n\t\t\t\t\t\t\t<p>Bomba\u017e je klju\u010dni material v medicinskem sektorju, znan po svojem udobju, vpojnosti in ne\u017enosti. Nundinae Group ponuja vrsto visokokakovostnih medicinskih bomba\u017enih izdelkov, zasnovanih tako, da ustrezajo strogim zahtevam zdravstvenih okolij.<\/p>\n\t\t\t\t\t\t<\/div>\n\t\t\t\t<\/div>\n\t\t\t\t<div class=\"elementor-element elementor-element-16ebc32 elementor-align-center elementor-widget elementor-widget-button\" data-id=\"16ebc32\" data-element_type=\"widget\" data-widget_type=\"button.default\">\n\t\t\t\t<div class=\"elementor-widget-container\">\n\t\t\t\t\t<div class=\"elementor-button-wrapper\">\n\t\t\t<a class=\"elementor-button elementor-button-link elementor-size-lg elementor-animation-bounce-out\" href=\"https:\/\/nundinae-group.com\/sl\/oddelki\/oddelek-za-zdravstvo\/bombazni-izdelki\/\">\n\t\t\t\t\t\t<span class=\"elementor-button-content-wrapper\">\n\t\t\t\t\t\t<span class=\"elementor-button-icon\">\n\t\t\t\t<i aria-hidden=\"true\" class=\"fab fa-readme\"><\/i>\t\t\t<\/span>\n\t\t\t\t\t\t\t\t\t<span class=\"elementor-button-text\">Izvedite ve\u010d o Bomba\u017enih Izdelkih<\/span>\n\t\t\t\t\t<\/span>\n\t\t\t\t\t<\/a>\n\t\t<\/div>\n\t\t\t\t<\/div>\n\t\t\t\t<\/div>\n\t\t\t\t<div class=\"elementor-element elementor-element-c3e466b elementor-widget elementor-widget-spacer\" data-id=\"c3e466b\" data-element_type=\"widget\" data-widget_type=\"spacer.default\">\n\t\t\t\t<div class=\"elementor-widget-container\">\n\t\t\t\t\t<div class=\"elementor-spacer\">\n\t\t\t<div class=\"elementor-spacer-inner\"><\/div>\n\t\t<\/div>\n\t\t\t\t<\/div>\n\t\t\t\t<\/div>\n\t\t\t\t\t<\/div>\n\t\t<\/div>\n\t\t\t\t\t<\/div>\n\t\t<\/section>\n\t\t\t\t<\/div>\n\t\t","protected":false},"excerpt":{"rendered":"<p>Latex Rokavice Nundinae Group stoji v ospredju pri zagotavljanju visokokakovostnih latex rokavic, ki ponuja razli\u010dne mo\u017enosti, prilagojene potrebam razli\u010dnih industrij. Na\u0161a zavezanost kakovosti zagotavlja, da je vsak par latex rokavic, ki ga dobavljamo, zasnovan za maksimalno zmogljivost in varnost. Izvedite ve\u010d o Latex Rokavicah Nitrilne Rokavice Nitrilne rokavice so postale vse bolj priljubljene v razli\u010dnih [&hellip;]<\/p>\n","protected":false},"author":5,"featured_media":0,"parent":13281,"menu_order":2,"comment_status":"closed","ping_status":"closed","template":"","meta":{"_acf_changed":false,"inline_featured_image":false,"footnotes":""},"class_list":["post-13288","page","type-page","status-publish","hentry"],"acf":[],"_links":{"self":[{"href":"https:\/\/nundinae-group.com\/sl\/wp-json\/wp\/v2\/pages\/13288"}],"collection":[{"href":"https:\/\/nundinae-group.com\/sl\/wp-json\/wp\/v2\/pages"}],"about":[{"href":"https:\/\/nundinae-group.com\/sl\/wp-json\/wp\/v2\/types\/page"}],"author":[{"embeddable":true,"href":"https:\/\/nundinae-group.com\/sl\/wp-json\/wp\/v2\/users\/5"}],"replies":[{"embeddable":true,"href":"https:\/\/nundinae-group.com\/sl\/wp-json\/wp\/v2\/comments?post=13288"}],"version-history":[{"count":4,"href":"https:\/\/nundinae-group.com\/sl\/wp-json\/wp\/v2\/pages\/13288\/revisions"}],"predecessor-version":[{"id":13350,"href":"https:\/\/nundinae-group.com\/sl\/wp-json\/wp\/v2\/pages\/13288\/revisions\/13350"}],"up":[{"embeddable":true,"href":"https:\/\/nundinae-group.com\/sl\/wp-json\/wp\/v2\/pages\/13281"}],"wp:attachment":[{"href":"https:\/\/nundinae-group.com\/sl\/wp-json\/wp\/v2\/media?parent=13288"}],"curies":[{"name":"wp","href":"https:\/\/api.w.org\/{rel}","templated":true}]}}