{"id":13315,"date":"2023-12-15T16:58:04","date_gmt":"2023-12-15T16:58:04","guid":{"rendered":"https:\/\/nundinae-group.com\/oddelki\/lesena-divizija\/dobava-borovih-brun\/"},"modified":"2023-12-15T16:58:05","modified_gmt":"2023-12-15T16:58:05","slug":"dobava-borovih-brun","status":"publish","type":"page","link":"https:\/\/nundinae-group.com\/sl\/oddelki\/lesena-divizija\/dobava-borovih-brun\/","title":{"rendered":"Dobava Borovih Brun"},"content":{"rendered":"\n<h2 class=\"has-vivid-red-color has-text-color wp-block-heading\"><strong>Kaj Je Borov Brun?<\/strong><\/h2>\n\n<p>Borovi bruni so cilindri\u010dni kosi lesa, pridobljeni iz razli\u010dnih vrst znotraj rodu Pinus. Znani so po svoji vsestranskosti in so \u0161iroko uporabljeni v razli\u010dnih industrijah.<\/p>\n\n<h2 class=\"has-vivid-red-color has-text-color wp-block-heading\"><strong>Uporabe Borovih Brun<\/strong><\/h2>\n\n<h3 class=\"wp-block-heading\">Gradbeni\u0161tvo<\/h3>\n\n<p>Borovi bruni se pogosto uporabljajo v gradbeni industriji za izdelavo okvirjev hi\u0161, izdelavo nosilcev in drugih konstrukcijskih elementov zaradi njihove mo\u010di in enostavne uporabe.<\/p>\n\n<h3 class=\"wp-block-heading\">Izdelava Pohi\u0161tva<\/h3>\n\n<p>Estetska privla\u010dnost in obdelovalnost bora ga naredita za priljubljeno izbiro pri izdelavi pohi\u0161tva, ki sega od rustikalnih kosov do bolj prefinjenih izdelkov.<\/p>\n\n<h3 class=\"wp-block-heading\">Proizvodnja Papirja<\/h3>\n\n<p>Zaradi visoke vsebnosti celuloze so borovi bruni klju\u010dni za industrijo papirja, kjer se predelujejo v celulozo.<\/p>\n\n<h2 class=\"has-vivid-red-color has-text-color wp-block-heading\"><strong>Kako Dolg Je Borov Brun?<\/strong><\/h2>\n\n<p>Dol\u017eina borovih brun se lahko mo\u010dno razlikuje, vendar komercialno obi\u010dajno segajo od 8 do 16 \u010devljev, prilagojeni zahtevam razli\u010dnih projektov.<\/p>\n\n<h2 class=\"has-vivid-red-color has-text-color wp-block-heading\"><strong>Kako Lahko Ugotovite, \u010ce Je Les Bor?<\/strong><\/h2>\n\n<p>Prepoznavanje borovega lesa vklju\u010duje nekaj klju\u010dnih zna\u010dilnosti, ki jih je enostavno opaziti, ko veste, kaj iskati. Bor ima obi\u010dajno svetlo rumenkasto barvo, izrazite vzorce zrn in vozle. Ima tudi zna\u010dilen smolnat vonj.<\/p>\n\n<h2 class=\"has-vivid-red-color has-text-color wp-block-heading\"><strong>Ali Je Bor Poceni Les?<\/strong><\/h2>\n\n<p>Bor se pogosto \u0161teje za stro\u0161kovno u\u010dinkovito mo\u017enost v primerjavi z mnogimi trdimi lesi zaradi svoje hitre rasti in raz\u0161irjene razpolo\u017eljivosti.<\/p>\n\n<h2 class=\"has-vivid-red-color has-text-color wp-block-heading\"><strong>Ali So Vsi Borovi Drevesa Varna?<\/strong><\/h2>\n\n<p>Ve\u010dina borovih dreves je varna in koristna. Vendar pa so lahko nekateri deli dolo\u010denih vrst borovih dreves strupeni, \u010de se zau\u017eijejo, zato je pomembno, da pazite, \u0161e posebej, \u010de uporabljate bor za predmete, ki bi lahko privedli do zau\u017eitja.<\/p>\n\n<h2 class=\"has-vivid-red-color has-text-color wp-block-heading\"><strong>Ali Je Bor Dobro Gorivo?<\/strong><\/h2>\n\n<p>Borovi bruni se pogosto uporabljajo za kurjenje, zlasti na prostem. Enostavno se v\u017egejo zaradi svoje visoke vsebnosti smole, zaradi \u010desar so odli\u010dni za za\u010detek ognja. Vendar pa ta smola lahko povzro\u010di nabiranje saj in kreozota v dimnikih, zato se pogosto priporo\u010da, da se bor se\u017eiga na prostem v ognji\u0161\u010dih.<\/p>\n\n<h2 class=\"has-vivid-red-color has-text-color wp-block-heading\"><strong>Ali Je Bor Odporen Na Vodo?<\/strong><\/h2>\n\n<p>\u010ceprav ima bor nekaj naravne odpornosti na vlago, ni tako trpe\u017een kot nekateri trdi lesi, ko gre za dolgotrajno izpostavljenost vodi. Pogosto se za zunanjo uporabo obdeluje s konzervansi, da se pove\u010da njegova odpornost na vodo.<\/p>\n\n<h2 class=\"has-vivid-red-color has-text-color wp-block-heading\"><strong>Zakaj Je Borov Les Tako Dobro?<\/strong><\/h2>\n\n<h3 class=\"wp-block-heading\">Dostopnost<\/h3>\n\n<p>Bor se pogosto \u0161teje za stro\u0161kovno u\u010dinkovito mo\u017enost v primerjavi z mnogimi trdimi lesi zaradi svoje hitre rasti in raz\u0161irjene razpolo\u017eljivosti.<\/p>\n\n<h3 class=\"wp-block-heading\">Obdelovalnost<\/h3>\n\n<p>Njegova mehkoba ga naredi enostavnega za obdelavo, idealnega za \u0161irok spekter gradbenih in rokodelskih aplikacij.<\/p>\n\n<h3 class=\"wp-block-heading\">Estetski \u010car<\/h3>\n\n<p>Svetla barva bora in zna\u010dilni vzorci zrn ga naredijo priljubljeno izbiro za estetske namene tako v gradbeni\u0161tvu kot pri izdelavi pohi\u0161tva.<\/p>\n\n<h2 class=\"has-vivid-red-color has-text-color wp-block-heading\"><strong>Kak\u0161ne So Slabosti Borovega Lesa?<\/strong><\/h2>\n\n<h3 class=\"wp-block-heading\">Ob\u010dutljivost Za Po\u0161kodbe<\/h3>\n\n<p>Borov les je nagnjen k praskam, udrtinam in drugim oblikam po\u0161kodb zaradi svoje mehkobe.<\/p>\n\n<h3 class=\"wp-block-heading\">Ob\u010dutljivost Na Vlago<\/h3>\n\n<p>\u010ce ni pravilno obdelan, lahko borov les absorbira vlago, kar vodi do ukrivljanja ali gnilobe.<\/p>\n\n<h3 class=\"wp-block-heading\">Vzdr\u017eevanje<\/h3>\n\n<p>Bor pogosto zahteva ve\u010d vzdr\u017eevanja kot trdi lesi, da zagotovi njegovo dolgo \u017eivljenjsko dobo, \u0161e posebej na obmo\u010djih z veliko prometa ali na prostem.<\/p>\n\n<p>Za tiste, ki i\u0161\u010dejo vrhunske borove brune ali druge vrste lesa, Nundinae Group stoji pripravljen, da zagotovi kakovost in odli\u010dnost.<\/p>\n\n<h2 class=\"has-vivid-red-color has-text-color wp-block-heading\"><strong>Zagotovite Si Svoje Visokokakovostne Borove Brune \u017de Danes!<\/strong><\/h2>\n\n<p>Zdaj In izkoristite neprimerljiv potencial najbolj\u0161ih borovih brunov na trgu.<\/p>\n\n<div class=\"wp-block-buttons is-layout-flex wp-block-buttons-is-layout-flex\">\n<div class=\"wp-block-button aligncenter has-custom-width wp-block-button__width-25 has-custom-font-size is-style-fill has-medium-font-size\"><a class=\"wp-block-button__link has-background wp-element-button\" href=\"https:\/\/nundinae-group.com\/sl\/kontaktirajte-nas\/\" style=\"border-radius:9px;background:linear-gradient(135deg,rgb(29,29,181) 0%,rgb(28,106,241) 100%)\">Kontaktirajte nas<\/a><\/div>\n<\/div>\n","protected":false},"excerpt":{"rendered":"<p>Kaj Je Borov Brun? Borovi bruni so cilindri\u010dni kosi lesa, pridobljeni iz razli\u010dnih vrst znotraj rodu Pinus. Znani so po svoji vsestranskosti in so \u0161iroko uporabljeni v razli\u010dnih industrijah. Uporabe Borovih Brun Gradbeni\u0161tvo Borovi bruni se pogosto uporabljajo v gradbeni industriji za izdelavo okvirjev hi\u0161, izdelavo nosilcev in drugih konstrukcijskih elementov zaradi njihove mo\u010di in [&hellip;]<\/p>\n","protected":false},"author":5,"featured_media":0,"parent":13283,"menu_order":5,"comment_status":"closed","ping_status":"closed","template":"","meta":{"_acf_changed":false,"inline_featured_image":false,"footnotes":""},"class_list":["post-13315","page","type-page","status-publish","hentry"],"acf":[],"_links":{"self":[{"href":"https:\/\/nundinae-group.com\/sl\/wp-json\/wp\/v2\/pages\/13315"}],"collection":[{"href":"https:\/\/nundinae-group.com\/sl\/wp-json\/wp\/v2\/pages"}],"about":[{"href":"https:\/\/nundinae-group.com\/sl\/wp-json\/wp\/v2\/types\/page"}],"author":[{"embeddable":true,"href":"https:\/\/nundinae-group.com\/sl\/wp-json\/wp\/v2\/users\/5"}],"replies":[{"embeddable":true,"href":"https:\/\/nundinae-group.com\/sl\/wp-json\/wp\/v2\/comments?post=13315"}],"version-history":[{"count":1,"href":"https:\/\/nundinae-group.com\/sl\/wp-json\/wp\/v2\/pages\/13315\/revisions"}],"predecessor-version":[{"id":13316,"href":"https:\/\/nundinae-group.com\/sl\/wp-json\/wp\/v2\/pages\/13315\/revisions\/13316"}],"up":[{"embeddable":true,"href":"https:\/\/nundinae-group.com\/sl\/wp-json\/wp\/v2\/pages\/13283"}],"wp:attachment":[{"href":"https:\/\/nundinae-group.com\/sl\/wp-json\/wp\/v2\/media?parent=13315"}],"curies":[{"name":"wp","href":"https:\/\/api.w.org\/{rel}","templated":true}]}}